{"id":69,"date":"2023-01-07T16:13:52","date_gmt":"2023-01-07T15:13:52","guid":{"rendered":"https:\/\/savdal.se\/?page_id=69"},"modified":"2023-01-08T16:02:43","modified_gmt":"2023-01-08T15:02:43","slug":"mats-och-jenny","status":"publish","type":"page","link":"https:\/\/savdal.se\/","title":{"rendered":"Bergvall och Lundqvist i S\u00e4vdal"},"content":{"rendered":"\n<p>En b\u00f6rjan till v\u00e5r plats p\u00e5 webben. Inte mycket h\u00e4r \u00e4n&#8230;<\/p>\n\n\n\n<p><\/p>\n","protected":false},"excerpt":{"rendered":"<p>En b\u00f6rjan till v\u00e5r plats p\u00e5 webben. Inte mycket h\u00e4r \u00e4n&#8230;<\/p>\n","protected":false},"author":1,"featured_media":108,"parent":0,"menu_order":0,"comment_status":"closed","ping_status":"closed","template":"","meta":{"site-sidebar-layout":"default","site-content-layout":"default","ast-global-header-display":"","ast-main-header-display":"","ast-hfb-above-header-display":"","ast-hfb-below-header-display":"","ast-hfb-mobile-header-display":"","site-post-title":"","ast-breadcrumbs-content":"","ast-featured-img":"","footer-sml-layout":"","theme-transparent-header-meta":"","adv-header-id-meta":"","stick-header-meta":"","header-above-stick-meta":"","header-main-stick-meta":"","header-below-stick-meta":"","footnotes":""},"class_list":["post-69","page","type-page","status-publish","has-post-thumbnail","hentry"],"_links":{"self":[{"href":"https:\/\/savdal.se\/index.php\/wp-json\/wp\/v2\/pages\/69","targetHints":{"allow":["GET"]}}],"collection":[{"href":"https:\/\/savdal.se\/index.php\/wp-json\/wp\/v2\/pages"}],"about":[{"href":"https:\/\/savdal.se\/index.php\/wp-json\/wp\/v2\/types\/page"}],"author":[{"embeddable":true,"href":"https:\/\/savdal.se\/index.php\/wp-json\/wp\/v2\/users\/1"}],"replies":[{"embeddable":true,"href":"https:\/\/savdal.se\/index.php\/wp-json\/wp\/v2\/comments?post=69"}],"version-history":[{"count":3,"href":"https:\/\/savdal.se\/index.php\/wp-json\/wp\/v2\/pages\/69\/revisions"}],"predecessor-version":[{"id":107,"href":"https:\/\/savdal.se\/index.php\/wp-json\/wp\/v2\/pages\/69\/revisions\/107"}],"wp:featuredmedia":[{"embeddable":true,"href":"https:\/\/savdal.se\/index.php\/wp-json\/wp\/v2\/media\/108"}],"wp:attachment":[{"href":"https:\/\/savdal.se\/index.php\/wp-json\/wp\/v2\/media?parent=69"}],"curies":[{"name":"wp","href":"https:\/\/api.w.org\/{rel}","templated":true}]}}